{"id":10295,"date":"2020-07-30T14:50:07","date_gmt":"2020-07-30T12:50:07","guid":{"rendered":"http:\/\/archiwumdk.malogoszcz.eu\/?page_id=10295"},"modified":"2020-07-31T21:07:27","modified_gmt":"2020-07-31T19:07:27","slug":"galerie-video-1994","status":"publish","type":"page","link":"http:\/\/archiwumdk.malogoszcz.eu\/index.php\/galerie-video-1994\/","title":{"rendered":"GALERIE VIDEO&#8217; 1994"},"content":{"rendered":"\t\t<div data-elementor-type=\"wp-page\" data-elementor-id=\"10295\" class=\"elementor elementor-10295\">\n\t\t\t\t\t\t<section class=\"elementor-section elementor-top-section elementor-element elementor-element-0ba8d30 elementor-section-boxed elementor-section-height-default elementor-section-height-default\" data-id=\"0ba8d30\" data-element_type=\"section\" data-settings=\"{&quot;background_background&quot;:&quot;classic&quot;}\">\n\t\t\t\t\t\t<div class=\"elementor-container elementor-column-gap-default\">\n\t\t\t\t\t<div class=\"elementor-column elementor-col-100 elementor-top-column elementor-element elementor-element-ec814df\" data-id=\"ec814df\" data-element_type=\"column\">\n\t\t\t<div class=\"elementor-widget-wrap elementor-element-populated\">\n\t\t\t\t\t\t<div class=\"elementor-element elementor-element-7c887e7 elementor-widget elementor-widget-heading\" data-id=\"7c887e7\" data-element_type=\"widget\" data-widget_type=\"heading.default\">\n\t\t\t\t<div class=\"elementor-widget-container\">\n\t\t\t\t\t<h2 class=\"elementor-heading-title elementor-size-default\">GALERIE VIDEO' 1994<\/h2>\t\t\t\t<\/div>\n\t\t\t\t<\/div>\n\t\t\t\t\t<\/div>\n\t\t<\/div>\n\t\t\t\t\t<\/div>\n\t\t<\/section>\n\t\t\t\t<section class=\"elementor-section elementor-top-section elementor-element elementor-element-da254b4 elementor-section-boxed elementor-section-height-default elementor-section-height-default\" data-id=\"da254b4\" data-element_type=\"section\">\n\t\t\t\t\t\t<div class=\"elementor-container elementor-column-gap-default\">\n\t\t\t\t\t<div class=\"elementor-column elementor-col-100 elementor-top-column elementor-element elementor-element-663c8bb\" data-id=\"663c8bb\" data-element_type=\"column\">\n\t\t\t<div class=\"elementor-widget-wrap elementor-element-populated\">\n\t\t\t\t\t\t<div class=\"elementor-element elementor-element-957e065 eael-fg-card-content-align-left elementor-widget elementor-widget-eael-filterable-gallery\" data-id=\"957e065\" data-element_type=\"widget\" data-settings=\"{&quot;photo_gallery&quot;:&quot;yes&quot;,&quot;pagination&quot;:&quot;false&quot;}\" data-widget_type=\"eael-filterable-gallery.default\">\n\t\t\t\t<div class=\"elementor-widget-container\">\n\t\t\t\t\t<style id=\"eael-fg-inline-css-957e065\">@media only screen and (max-width: 2399px) {\n\t\t\t\t\t.elementor-element.elementor-element-957e065 .eael-filterable-gallery-item-wrap {\n\t\t\t\t\t        width: 33.333333333333%;\n\t\t\t\t\t    }\n\t\t\t\t\t}@media only screen and (max-width: 1024px) {\n\t\t\t\t\t.elementor-element.elementor-element-957e065  .eael-filterable-gallery-item-wrap {\n\t\t\t\t\t        width: 50%;\n\t\t\t\t\t    }\n\t\t\t\t\t}@media only screen and (max-width: 767px) {\n\t\t\t\t\t.elementor-element.elementor-element-957e065  .eael-filterable-gallery-item-wrap {\n\t\t\t\t\t        width: 100%;\n\t\t\t\t\t    }\n\t\t\t\t\t}<\/style>        <div id=\"eael-filter-gallery-wrapper-957e065\" class=\"eael-filter-gallery-wrapper\" data-layout-mode=\"card\" data-breakpoints=\"{&quot;mobile&quot;:{&quot;label&quot;:&quot;Mobilny Pionowy&quot;,&quot;value&quot;:767,&quot;default_value&quot;:767,&quot;direction&quot;:&quot;max&quot;,&quot;is_enabled&quot;:true},&quot;mobile_extra&quot;:{&quot;label&quot;:&quot;Mobilny Poziomy&quot;,&quot;value&quot;:880,&quot;default_value&quot;:880,&quot;direction&quot;:&quot;max&quot;,&quot;is_enabled&quot;:false},&quot;tablet&quot;:{&quot;label&quot;:&quot;Portret tabletu&quot;,&quot;value&quot;:1024,&quot;default_value&quot;:1024,&quot;direction&quot;:&quot;max&quot;,&quot;is_enabled&quot;:true},&quot;tablet_extra&quot;:{&quot;label&quot;:&quot;Ekran tabletu&quot;,&quot;value&quot;:1200,&quot;default_value&quot;:1200,&quot;direction&quot;:&quot;max&quot;,&quot;is_enabled&quot;:false},&quot;laptop&quot;:{&quot;label&quot;:&quot;Laptop&quot;,&quot;value&quot;:1366,&quot;default_value&quot;:1366,&quot;direction&quot;:&quot;max&quot;,&quot;is_enabled&quot;:false},&quot;widescreen&quot;:{&quot;label&quot;:&quot;Szeroki ekran&quot;,&quot;value&quot;:2400,&quot;default_value&quot;:2400,&quot;direction&quot;:&quot;min&quot;,&quot;is_enabled&quot;:false}}\" data-default_control_key=\"0\" data-custom_default_control=\"\">\n                        <div class=\"eael-filter-gallery-control\">\n                <ul><li data-load-more-status=\"0\" data-first-init=\"1\" class=\"control all-control  active \" data-filter=\"*\">All<\/li><li  data-load-more-status=\"0\" data-first-init=\"0\"\n                        class=\"control \" data-filter=\".eael-cf-teatr\">TEATR<\/li><li  data-load-more-status=\"0\" data-first-init=\"0\"\n                        class=\"control \" data-filter=\".eael-cf-przegl\u0104dy\">PRZEGL\u0104DY<\/li><li  data-load-more-status=\"0\" data-first-init=\"0\"\n                        class=\"control \" data-filter=\".eael-cf-ma\u0141a-miss\">MA\u0141A MISS<\/li><\/ul>\n            <\/div>\n                    <div class=\"eael-filter-gallery-container masonry\" data-images-per-page=\"\" data-total-gallery-items=\"6\" data-nomore-item-text=\"\" data-is-randomize=\"no\" data-settings=\"{&quot;grid_style&quot;:&quot;masonry&quot;,&quot;popup&quot;:&quot;buttons&quot;,&quot;duration&quot;:500,&quot;gallery_enabled&quot;:&quot;yes&quot;,&quot;video_gallery_yt_privacy&quot;:&quot;&quot;,&quot;control_all_text&quot;:&quot;All&quot;,&quot;post_id&quot;:10295,&quot;widget_id&quot;:&quot;957e065&quot;}\" data-search-all=\"\" data-gallery-items=\"WyI8ZGl2IGNsYXNzPVwiZWFlbC1maWx0ZXJhYmxlLWdhbGxlcnktaXRlbS13cmFwIGVhZWwtY2YtdGVhdHJcIj5cblx0XHRcdFx0PGRpdiBjbGFzcz1cImVhZWwtZ2FsbGVyeS1ncmlkLWl0ZW1cIj48ZGl2IGNsYXNzPVwiZ2FsbGVyeS1pdGVtLXRodW1ibmFpbC13cmFwIHZpZGVvX2dhbGxlcnlfc3dpdGNoX29uXCI+PGltZyBzcmM9XCJodHRwOlwvXC9hcmNoaXd1bWRrLm1hbG9nb3N6Y3ouZXVcL3dwLWNvbnRlbnRcL3VwbG9hZHNcLzIwMjBcLzA3XC8wNVBSWkVHTFx1MDEwNEQtWkVTUE9cdTAxNDFcdTAwZDNXLVRFQVRSXHUwMGQzVy0yMDExLmpwZ1wiIGRhdGEtbGF6eS1zcmM9XCJodHRwOlwvXC9hcmNoaXd1bWRrLm1hbG9nb3N6Y3ouZXVcL3dwLWNvbnRlbnRcL3VwbG9hZHNcLzIwMjBcLzA3XC8wNVBSWkVHTFx1MDEwNEQtWkVTUE9cdTAxNDFcdTAwZDNXLVRFQVRSXHUwMGQzVy0yMDExLmpwZ1wiIGFsdD1cIktBRkVMRUsgLSBCQUpLQVwiIGNsYXNzPVwiZ2FsbGVyeS1pdGVtLXRodW1ibmFpbFwiPjxhIGFyZWEtaGlkZGVuPVwidHJ1ZVwiICB0aXRsZT1cIktBRkVMRUsgLSBCQUpLQVwiIGFyaWEtbGFiZWw9XCJlYWVsLW1hZ25pZmljLXZpZGVvLWxpbmtcIiBocmVmPVwiaHR0cHM6XC9cL3d3dy55b3V0dWJlLmNvbVwvd2F0Y2g\/dj1CX2NqNFZQTUxBQVwiIGNsYXNzPVwidmlkZW8tcG9wdXAgZWFlbC1tYWduaWZpYy1saW5rIGVhZWwtbWFnbmlmaWMtbGluay1jbG9uZSBhY3RpdmUgZWFlbC1tYWduaWZpYy12aWRlby1saW5rIG1mcC1pZnJhbWUgcGxheW91dC1ob3Jpem9udGFsXCIgZGF0YS1pZD1cImJkOTZjYjFcIiBkYXRhLWVsZW1lbnRvci1vcGVuLWxpZ2h0Ym94PVwieWVzXCI+PGRpdiBjbGFzcz1cInZpZGVvLXBvcHVwLWJnXCI+PFwvZGl2PjxpbWcgd2lkdGg9XCI2MlwiIGhlaWdodD1cIjYyXCIgc3JjPVwiaHR0cDpcL1wvYXJjaGl3dW1kay5tYWxvZ29zemN6LmV1XC93cC1jb250ZW50XC9wbHVnaW5zXC9lc3NlbnRpYWwtYWRkb25zLWZvci1lbGVtZW50b3ItbGl0ZVwvYXNzZXRzXC9mcm9udC1lbmRcL2ltZ1wvcGxheS1pY29uLnBuZ1wiIGFsdD1cImVhZWwtZmctdmlkZW8tcGxheS1pY29uXCIgPjxcL2E+PFwvZGl2PjxcL2E+PGRpdiBjbGFzcz1cImdhbGxlcnktaXRlbS1jYXB0aW9uLXdyYXAgY2FwdGlvbi1zdHlsZS1jYXJkIFwiPjxkaXYgY2xhc3M9XCJnYWxsZXJ5LWl0ZW0tY2FwdGlvbi1vdmVyXCI+PGgyIGNsYXNzPVwiZmctaXRlbS10aXRsZVwiPktBRkVMRUsgLSBCQUpLQTxcL2gyPjxkaXYgY2xhc3M9XCJmZy1pdGVtLWNvbnRlbnRcIj48cD4xOTk0IFIuPFwvcD5cbjxcL2Rpdj48XC9kaXY+PFwvZGl2PjxcL2Rpdj48XC9kaXY+IiwiPGRpdiBjbGFzcz1cImVhZWwtZmlsdGVyYWJsZS1nYWxsZXJ5LWl0ZW0td3JhcCBlYWVsLWNmLXByemVnbFx1MDEwNGR5XCI+XG5cdFx0XHRcdDxkaXYgY2xhc3M9XCJlYWVsLWdhbGxlcnktZ3JpZC1pdGVtXCI+PGRpdiBjbGFzcz1cImdhbGxlcnktaXRlbS10aHVtYm5haWwtd3JhcCB2aWRlb19nYWxsZXJ5X3N3aXRjaF9vblwiPjxpbWcgc3JjPVwiaHR0cDpcL1wvYXJjaGl3dW1kay5tYWxvZ29zemN6LmV1XC93cC1jb250ZW50XC91cGxvYWRzXC8yMDIwXC8wN1wvcHJ6ZWdsYWQta29sXHUwMTE5ZC1pLXBhc3RvcmFcdTAxNDJlay0yMDEwLTA2MC5qcGdcIiBkYXRhLWxhenktc3JjPVwiaHR0cDpcL1wvYXJjaGl3dW1kay5tYWxvZ29zemN6LmV1XC93cC1jb250ZW50XC91cGxvYWRzXC8yMDIwXC8wN1wvcHJ6ZWdsYWQta29sXHUwMTE5ZC1pLXBhc3RvcmFcdTAxNDJlay0yMDEwLTA2MC5qcGdcIiBhbHQ9XCJQUlpFRFNaS09MTkUgXHUwMTVhUElFV0FOSUVcIiBjbGFzcz1cImdhbGxlcnktaXRlbS10aHVtYm5haWxcIj48YSBhcmVhLWhpZGRlbj1cInRydWVcIiAgdGl0bGU9XCJQUlpFRFNaS09MTkUgXHUwMTVhUElFV0FOSUVcIiBhcmlhLWxhYmVsPVwiZWFlbC1tYWduaWZpYy12aWRlby1saW5rXCIgaHJlZj1cImh0dHBzOlwvXC93d3cueW91dHViZS5jb21cL3dhdGNoP3Y9RFMtbjhBYTk1aWtcIiBjbGFzcz1cInZpZGVvLXBvcHVwIGVhZWwtbWFnbmlmaWMtbGluayBlYWVsLW1hZ25pZmljLWxpbmstY2xvbmUgYWN0aXZlIGVhZWwtbWFnbmlmaWMtdmlkZW8tbGluayBtZnAtaWZyYW1lIHBsYXlvdXQtaG9yaXpvbnRhbFwiIGRhdGEtaWQ9XCI5NDc5ZDBhXCIgZGF0YS1lbGVtZW50b3Itb3Blbi1saWdodGJveD1cInllc1wiPjxkaXYgY2xhc3M9XCJ2aWRlby1wb3B1cC1iZ1wiPjxcL2Rpdj48aW1nIHdpZHRoPVwiNjJcIiBoZWlnaHQ9XCI2MlwiIHNyYz1cImh0dHA6XC9cL2FyY2hpd3VtZGsubWFsb2dvc3pjei5ldVwvd3AtY29udGVudFwvcGx1Z2luc1wvZXNzZW50aWFsLWFkZG9ucy1mb3ItZWxlbWVudG9yLWxpdGVcL2Fzc2V0c1wvZnJvbnQtZW5kXC9pbWdcL3BsYXktaWNvbi5wbmdcIiBhbHQ9XCJlYWVsLWZnLXZpZGVvLXBsYXktaWNvblwiID48XC9hPjxcL2Rpdj48XC9hPjxkaXYgY2xhc3M9XCJnYWxsZXJ5LWl0ZW0tY2FwdGlvbi13cmFwIGNhcHRpb24tc3R5bGUtY2FyZCBcIj48ZGl2IGNsYXNzPVwiZ2FsbGVyeS1pdGVtLWNhcHRpb24tb3ZlclwiPjxoMiBjbGFzcz1cImZnLWl0ZW0tdGl0bGVcIj5QUlpFRFNaS09MTkUgXHUwMTVhUElFV0FOSUU8XC9oMj48ZGl2IGNsYXNzPVwiZmctaXRlbS1jb250ZW50XCI+PHA+MTk5NCBSLjxcL3A+XG48XC9kaXY+PFwvZGl2PjxcL2Rpdj48XC9kaXY+PFwvZGl2PiIsIjxkaXYgY2xhc3M9XCJlYWVsLWZpbHRlcmFibGUtZ2FsbGVyeS1pdGVtLXdyYXAgZWFlbC1jZi1tYVx1MDE0MWEtbWlzc1wiPlxuXHRcdFx0XHQ8ZGl2IGNsYXNzPVwiZWFlbC1nYWxsZXJ5LWdyaWQtaXRlbVwiPjxkaXYgY2xhc3M9XCJnYWxsZXJ5LWl0ZW0tdGh1bWJuYWlsLXdyYXAgdmlkZW9fZ2FsbGVyeV9zd2l0Y2hfb25cIj48aW1nIHNyYz1cImh0dHA6XC9cL2FyY2hpd3VtZGsubWFsb2dvc3pjei5ldVwvd3AtY29udGVudFwvdXBsb2Fkc1wvMjAyMFwvMDdcLzAxTUFcdTAxNDFBLU1JU1MtMjAwNi5qcGdcIiBkYXRhLWxhenktc3JjPVwiaHR0cDpcL1wvYXJjaGl3dW1kay5tYWxvZ29zemN6LmV1XC93cC1jb250ZW50XC91cGxvYWRzXC8yMDIwXC8wN1wvMDFNQVx1MDE0MUEtTUlTUy0yMDA2LmpwZ1wiIGFsdD1cIk1BXHUwMTQxQSBNSVNTIExBVEFcIiBjbGFzcz1cImdhbGxlcnktaXRlbS10aHVtYm5haWxcIj48YSBhcmVhLWhpZGRlbj1cInRydWVcIiAgdGl0bGU9XCJNQVx1MDE0MUEgTUlTUyBMQVRBXCIgYXJpYS1sYWJlbD1cImVhZWwtbWFnbmlmaWMtdmlkZW8tbGlua1wiIGhyZWY9XCJodHRwczpcL1wvd3d3LnlvdXR1YmUuY29tXC93YXRjaD92PWJlUl9LelZXSTVNXCIgY2xhc3M9XCJ2aWRlby1wb3B1cCBlYWVsLW1hZ25pZmljLWxpbmsgZWFlbC1tYWduaWZpYy1saW5rLWNsb25lIGFjdGl2ZSBlYWVsLW1hZ25pZmljLXZpZGVvLWxpbmsgbWZwLWlmcmFtZSBwbGF5b3V0LWhvcml6b250YWxcIiBkYXRhLWlkPVwiZjFkZGNiNVwiIGRhdGEtZWxlbWVudG9yLW9wZW4tbGlnaHRib3g9XCJ5ZXNcIj48ZGl2IGNsYXNzPVwidmlkZW8tcG9wdXAtYmdcIj48XC9kaXY+PGltZyB3aWR0aD1cIjYyXCIgaGVpZ2h0PVwiNjJcIiBzcmM9XCJodHRwOlwvXC9hcmNoaXd1bWRrLm1hbG9nb3N6Y3ouZXVcL3dwLWNvbnRlbnRcL3BsdWdpbnNcL2Vzc2VudGlhbC1hZGRvbnMtZm9yLWVsZW1lbnRvci1saXRlXC9hc3NldHNcL2Zyb250LWVuZFwvaW1nXC9wbGF5LWljb24ucG5nXCIgYWx0PVwiZWFlbC1mZy12aWRlby1wbGF5LWljb25cIiA+PFwvYT48XC9kaXY+PFwvYT48ZGl2IGNsYXNzPVwiZ2FsbGVyeS1pdGVtLWNhcHRpb24td3JhcCBjYXB0aW9uLXN0eWxlLWNhcmQgXCI+PGRpdiBjbGFzcz1cImdhbGxlcnktaXRlbS1jYXB0aW9uLW92ZXJcIj48aDIgY2xhc3M9XCJmZy1pdGVtLXRpdGxlXCI+TUFcdTAxNDFBIE1JU1MgTEFUQTxcL2gyPjxkaXYgY2xhc3M9XCJmZy1pdGVtLWNvbnRlbnRcIj48cD4xOTk0IFIuPFwvcD5cbjxcL2Rpdj48XC9kaXY+PFwvZGl2PjxcL2Rpdj48XC9kaXY+IiwiPGRpdiBjbGFzcz1cImVhZWwtZmlsdGVyYWJsZS1nYWxsZXJ5LWl0ZW0td3JhcCBlYWVsLWNmLXRlYXRyXCI+XG5cdFx0XHRcdDxkaXYgY2xhc3M9XCJlYWVsLWdhbGxlcnktZ3JpZC1pdGVtXCI+PGRpdiBjbGFzcz1cImdhbGxlcnktaXRlbS10aHVtYm5haWwtd3JhcCB2aWRlb19nYWxsZXJ5X3N3aXRjaF9vblwiPjxpbWcgc3JjPVwiaHR0cDpcL1wvYXJjaGl3dW1kay5tYWxvZ29zemN6LmV1XC93cC1jb250ZW50XC91cGxvYWRzXC8yMDIwXC8wN1wvMDVEWklFXHUwMTQzLU1BVEtJLUtPTkNFUlQtMjAxNC5qcGdcIiBkYXRhLWxhenktc3JjPVwiaHR0cDpcL1wvYXJjaGl3dW1kay5tYWxvZ29zemN6LmV1XC93cC1jb250ZW50XC91cGxvYWRzXC8yMDIwXC8wN1wvMDVEWklFXHUwMTQzLU1BVEtJLUtPTkNFUlQtMjAxNC5qcGdcIiBhbHQ9XCJEWklFXHUwMTQzIE1BVEtJXCIgY2xhc3M9XCJnYWxsZXJ5LWl0ZW0tdGh1bWJuYWlsXCI+PGEgYXJlYS1oaWRkZW49XCJ0cnVlXCIgIHRpdGxlPVwiRFpJRVx1MDE0MyBNQVRLSVwiIGFyaWEtbGFiZWw9XCJlYWVsLW1hZ25pZmljLXZpZGVvLWxpbmtcIiBocmVmPVwiaHR0cHM6XC9cL3d3dy55b3V0dWJlLmNvbVwvd2F0Y2g\/dj11Wnoxel9rUUNHZ1wiIGNsYXNzPVwidmlkZW8tcG9wdXAgZWFlbC1tYWduaWZpYy1saW5rIGVhZWwtbWFnbmlmaWMtbGluay1jbG9uZSBhY3RpdmUgZWFlbC1tYWduaWZpYy12aWRlby1saW5rIG1mcC1pZnJhbWUgcGxheW91dC1ob3Jpem9udGFsXCIgZGF0YS1pZD1cImYzY2Y3ZGZcIiBkYXRhLWVsZW1lbnRvci1vcGVuLWxpZ2h0Ym94PVwieWVzXCI+PGRpdiBjbGFzcz1cInZpZGVvLXBvcHVwLWJnXCI+PFwvZGl2PjxpbWcgd2lkdGg9XCI2MlwiIGhlaWdodD1cIjYyXCIgc3JjPVwiaHR0cDpcL1wvYXJjaGl3dW1kay5tYWxvZ29zemN6LmV1XC93cC1jb250ZW50XC9wbHVnaW5zXC9lc3NlbnRpYWwtYWRkb25zLWZvci1lbGVtZW50b3ItbGl0ZVwvYXNzZXRzXC9mcm9udC1lbmRcL2ltZ1wvcGxheS1pY29uLnBuZ1wiIGFsdD1cImVhZWwtZmctdmlkZW8tcGxheS1pY29uXCIgPjxcL2E+PFwvZGl2PjxcL2E+PGRpdiBjbGFzcz1cImdhbGxlcnktaXRlbS1jYXB0aW9uLXdyYXAgY2FwdGlvbi1zdHlsZS1jYXJkIFwiPjxkaXYgY2xhc3M9XCJnYWxsZXJ5LWl0ZW0tY2FwdGlvbi1vdmVyXCI+PGgyIGNsYXNzPVwiZmctaXRlbS10aXRsZVwiPkRaSUVcdTAxNDMgTUFUS0k8XC9oMj48ZGl2IGNsYXNzPVwiZmctaXRlbS1jb250ZW50XCI+PHA+MTk5NCBSLjxcL3A+XG48XC9kaXY+PFwvZGl2PjxcL2Rpdj48XC9kaXY+PFwvZGl2PiIsIjxkaXYgY2xhc3M9XCJlYWVsLWZpbHRlcmFibGUtZ2FsbGVyeS1pdGVtLXdyYXBcIj5cblx0XHRcdFx0PGRpdiBjbGFzcz1cImVhZWwtZ2FsbGVyeS1ncmlkLWl0ZW1cIj48YSBhcmVhLWhpZGRlbj1cInRydWVcIiBocmVmPVwiaHR0cDpcL1wvYXJjaGl3dW1kay5tYWxvZ29zemN6LmV1XC93cC1jb250ZW50XC9wbHVnaW5zXC9lc3NlbnRpYWwtYWRkb25zLWZvci1lbGVtZW50b3ItbGl0ZVwvXC9hc3NldHNcL2Zyb250LWVuZFwvaW1nXC9mbGV4aWEtcHJldmlldy5qcGdcIiBjbGFzcz1cImVhZWwtbWFnbmlmaWMtbGluayBlYWVsLW1hZ25pZmljLWxpbmstY2xvbmUgYWN0aXZlIG1lZGlhLWNvbnRlbnQtd3JhcCBhY3RpdmVcIiBkYXRhLWVsZW1lbnRvci1vcGVuLWxpZ2h0Ym94PVwieWVzXCIgdGl0bGU9XCJHYWxsZXJ5IEl0ZW0gTmFtZVwiPjxkaXYgY2xhc3M9XCJnYWxsZXJ5LWl0ZW0tdGh1bWJuYWlsLXdyYXBcIj48aW1nIHNyYz1cImh0dHA6XC9cL2FyY2hpd3VtZGsubWFsb2dvc3pjei5ldVwvd3AtY29udGVudFwvcGx1Z2luc1wvZXNzZW50aWFsLWFkZG9ucy1mb3ItZWxlbWVudG9yLWxpdGVcL1wvYXNzZXRzXC9mcm9udC1lbmRcL2ltZ1wvZmxleGlhLXByZXZpZXcuanBnXCIgZGF0YS1sYXp5LXNyYz1cImh0dHA6XC9cL2FyY2hpd3VtZGsubWFsb2dvc3pjei5ldVwvd3AtY29udGVudFwvcGx1Z2luc1wvZXNzZW50aWFsLWFkZG9ucy1mb3ItZWxlbWVudG9yLWxpdGVcL1wvYXNzZXRzXC9mcm9udC1lbmRcL2ltZ1wvZmxleGlhLXByZXZpZXcuanBnXCIgYWx0PVwiR2FsbGVyeSBJdGVtIE5hbWVcIiBjbGFzcz1cImdhbGxlcnktaXRlbS10aHVtYm5haWxcIj48XC9kaXY+PFwvYT48ZGl2IGNsYXNzPVwiZ2FsbGVyeS1pdGVtLWNhcHRpb24td3JhcCBjYXB0aW9uLXN0eWxlLWNhcmQgXCI+PGRpdiBjbGFzcz1cImdhbGxlcnktaXRlbS1jYXB0aW9uLW92ZXJcIj48aDIgY2xhc3M9XCJmZy1pdGVtLXRpdGxlXCI+R2FsbGVyeSBJdGVtIE5hbWU8XC9oMj48ZGl2IGNsYXNzPVwiZmctaXRlbS1jb250ZW50XCI+PHA+TG9yZW0gaXBzdW0gZG9sb3Igc2l0IGFtZXQsIGNvbnNlY3RldHVyIGFkaXBpc2ljaW5nIGVsaXQuIFF1aWRlbSwgcHJvdmlkZW50LjxcL3A+XG48XC9kaXY+PFwvZGl2PjxcL2Rpdj48XC9kaXY+PFwvZGl2PiIsIjxkaXYgY2xhc3M9XCJlYWVsLWZpbHRlcmFibGUtZ2FsbGVyeS1pdGVtLXdyYXBcIj5cblx0XHRcdFx0PGRpdiBjbGFzcz1cImVhZWwtZ2FsbGVyeS1ncmlkLWl0ZW1cIj48YSBhcmVhLWhpZGRlbj1cInRydWVcIiBocmVmPVwiaHR0cDpcL1wvYXJjaGl3dW1kay5tYWxvZ29zemN6LmV1XC93cC1jb250ZW50XC9wbHVnaW5zXC9lc3NlbnRpYWwtYWRkb25zLWZvci1lbGVtZW50b3ItbGl0ZVwvXC9hc3NldHNcL2Zyb250LWVuZFwvaW1nXC9mbGV4aWEtcHJldmlldy5qcGdcIiBjbGFzcz1cImVhZWwtbWFnbmlmaWMtbGluayBlYWVsLW1hZ25pZmljLWxpbmstY2xvbmUgYWN0aXZlIG1lZGlhLWNvbnRlbnQtd3JhcCBhY3RpdmVcIiBkYXRhLWVsZW1lbnRvci1vcGVuLWxpZ2h0Ym94PVwieWVzXCIgdGl0bGU9XCJHYWxsZXJ5IEl0ZW0gTmFtZVwiPjxkaXYgY2xhc3M9XCJnYWxsZXJ5LWl0ZW0tdGh1bWJuYWlsLXdyYXBcIj48aW1nIHNyYz1cImh0dHA6XC9cL2FyY2hpd3VtZGsubWFsb2dvc3pjei5ldVwvd3AtY29udGVudFwvcGx1Z2luc1wvZXNzZW50aWFsLWFkZG9ucy1mb3ItZWxlbWVudG9yLWxpdGVcL1wvYXNzZXRzXC9mcm9udC1lbmRcL2ltZ1wvZmxleGlhLXByZXZpZXcuanBnXCIgZGF0YS1sYXp5LXNyYz1cImh0dHA6XC9cL2FyY2hpd3VtZGsubWFsb2dvc3pjei5ldVwvd3AtY29udGVudFwvcGx1Z2luc1wvZXNzZW50aWFsLWFkZG9ucy1mb3ItZWxlbWVudG9yLWxpdGVcL1wvYXNzZXRzXC9mcm9udC1lbmRcL2ltZ1wvZmxleGlhLXByZXZpZXcuanBnXCIgYWx0PVwiR2FsbGVyeSBJdGVtIE5hbWVcIiBjbGFzcz1cImdhbGxlcnktaXRlbS10aHVtYm5haWxcIj48XC9kaXY+PFwvYT48ZGl2IGNsYXNzPVwiZ2FsbGVyeS1pdGVtLWNhcHRpb24td3JhcCBjYXB0aW9uLXN0eWxlLWNhcmQgXCI+PGRpdiBjbGFzcz1cImdhbGxlcnktaXRlbS1jYXB0aW9uLW92ZXJcIj48aDIgY2xhc3M9XCJmZy1pdGVtLXRpdGxlXCI+R2FsbGVyeSBJdGVtIE5hbWU8XC9oMj48ZGl2IGNsYXNzPVwiZmctaXRlbS1jb250ZW50XCI+PHA+TG9yZW0gaXBzdW0gZG9sb3Igc2l0IGFtZXQsIGNvbnNlY3RldHVyIGFkaXBpc2ljaW5nIGVsaXQuIFF1aWRlbSwgcHJvdmlkZW50LjxcL3A+XG48XC9kaXY+PFwvZGl2PjxcL2Rpdj48XC9kaXY+PFwvZGl2PiJd\" data-init-show=\"4\">\n            <div class=\"eael-filterable-gallery-item-wrap eael-cf-teatr\">\n\t\t\t\t<div class=\"eael-gallery-grid-item\"><div class=\"gallery-item-thumbnail-wrap video_gallery_switch_on\"><img decoding=\"async\" src=\"http:\/\/archiwumdk.malogoszcz.eu\/wp-content\/uploads\/2020\/07\/05PRZEGL\u0104D-ZESPO\u0141\u00d3W-TEATR\u00d3W-2011.jpg\" data-lazy-src=\"http:\/\/archiwumdk.malogoszcz.eu\/wp-content\/uploads\/2020\/07\/05PRZEGL\u0104D-ZESPO\u0141\u00d3W-TEATR\u00d3W-2011.jpg\" alt=\"KAFELEK - BAJKA\" class=\"gallery-item-thumbnail\"><a area-hidden=\"true\"  title=\"KAFELEK - BAJKA\" aria-label=\"eael-magnific-video-link\" href=\"https:\/\/www.youtube.com\/watch?v=B_cj4VPMLAA\" class=\"video-popup eael-magnific-link eael-magnific-link-clone active eael-magnific-video-link mfp-iframe playout-horizontal\" data-id=\"bd96cb1\" data-elementor-open-lightbox=\"yes\"><div class=\"video-popup-bg\"><\/div><img decoding=\"async\" width=\"62\" height=\"62\" src=\"http:\/\/archiwumdk.malogoszcz.eu\/wp-content\/plugins\/essential-addons-for-elementor-lite\/assets\/front-end\/img\/play-icon.png\" alt=\"eael-fg-video-play-icon\" ><\/a><\/div><\/a><div class=\"gallery-item-caption-wrap caption-style-card \"><div class=\"gallery-item-caption-over\"><h2 class=\"fg-item-title\">KAFELEK - BAJKA<\/h2><div class=\"fg-item-content\"><p>1994 R.<\/p>\n<\/div><\/div><\/div><\/div><\/div><div class=\"eael-filterable-gallery-item-wrap eael-cf-przegl\u0104dy\">\n\t\t\t\t<div class=\"eael-gallery-grid-item\"><div class=\"gallery-item-thumbnail-wrap video_gallery_switch_on\"><img decoding=\"async\" src=\"http:\/\/archiwumdk.malogoszcz.eu\/wp-content\/uploads\/2020\/07\/przeglad-kol\u0119d-i-pastora\u0142ek-2010-060.jpg\" data-lazy-src=\"http:\/\/archiwumdk.malogoszcz.eu\/wp-content\/uploads\/2020\/07\/przeglad-kol\u0119d-i-pastora\u0142ek-2010-060.jpg\" alt=\"PRZEDSZKOLNE \u015aPIEWANIE\" class=\"gallery-item-thumbnail\"><a area-hidden=\"true\"  title=\"PRZEDSZKOLNE \u015aPIEWANIE\" aria-label=\"eael-magnific-video-link\" href=\"https:\/\/www.youtube.com\/watch?v=DS-n8Aa95ik\" class=\"video-popup eael-magnific-link eael-magnific-link-clone active eael-magnific-video-link mfp-iframe playout-horizontal\" data-id=\"9479d0a\" data-elementor-open-lightbox=\"yes\"><div class=\"video-popup-bg\"><\/div><img decoding=\"async\" width=\"62\" height=\"62\" src=\"http:\/\/archiwumdk.malogoszcz.eu\/wp-content\/plugins\/essential-addons-for-elementor-lite\/assets\/front-end\/img\/play-icon.png\" alt=\"eael-fg-video-play-icon\" ><\/a><\/div><\/a><div class=\"gallery-item-caption-wrap caption-style-card \"><div class=\"gallery-item-caption-over\"><h2 class=\"fg-item-title\">PRZEDSZKOLNE \u015aPIEWANIE<\/h2><div class=\"fg-item-content\"><p>1994 R.<\/p>\n<\/div><\/div><\/div><\/div><\/div><div class=\"eael-filterable-gallery-item-wrap eael-cf-ma\u0141a-miss\">\n\t\t\t\t<div class=\"eael-gallery-grid-item\"><div class=\"gallery-item-thumbnail-wrap video_gallery_switch_on\"><img decoding=\"async\" src=\"http:\/\/archiwumdk.malogoszcz.eu\/wp-content\/uploads\/2020\/07\/01MA\u0141A-MISS-2006.jpg\" data-lazy-src=\"http:\/\/archiwumdk.malogoszcz.eu\/wp-content\/uploads\/2020\/07\/01MA\u0141A-MISS-2006.jpg\" alt=\"MA\u0141A MISS LATA\" class=\"gallery-item-thumbnail\"><a area-hidden=\"true\"  title=\"MA\u0141A MISS LATA\" aria-label=\"eael-magnific-video-link\" href=\"https:\/\/www.youtube.com\/watch?v=beR_KzVWI5M\" class=\"video-popup eael-magnific-link eael-magnific-link-clone active eael-magnific-video-link mfp-iframe playout-horizontal\" data-id=\"f1ddcb5\" data-elementor-open-lightbox=\"yes\"><div class=\"video-popup-bg\"><\/div><img decoding=\"async\" width=\"62\" height=\"62\" src=\"http:\/\/archiwumdk.malogoszcz.eu\/wp-content\/plugins\/essential-addons-for-elementor-lite\/assets\/front-end\/img\/play-icon.png\" alt=\"eael-fg-video-play-icon\" ><\/a><\/div><\/a><div class=\"gallery-item-caption-wrap caption-style-card \"><div class=\"gallery-item-caption-over\"><h2 class=\"fg-item-title\">MA\u0141A MISS LATA<\/h2><div class=\"fg-item-content\"><p>1994 R.<\/p>\n<\/div><\/div><\/div><\/div><\/div><div class=\"eael-filterable-gallery-item-wrap eael-cf-teatr\">\n\t\t\t\t<div class=\"eael-gallery-grid-item\"><div class=\"gallery-item-thumbnail-wrap video_gallery_switch_on\"><img decoding=\"async\" src=\"http:\/\/archiwumdk.malogoszcz.eu\/wp-content\/uploads\/2020\/07\/05DZIE\u0143-MATKI-KONCERT-2014.jpg\" data-lazy-src=\"http:\/\/archiwumdk.malogoszcz.eu\/wp-content\/uploads\/2020\/07\/05DZIE\u0143-MATKI-KONCERT-2014.jpg\" alt=\"DZIE\u0143 MATKI\" class=\"gallery-item-thumbnail\"><a area-hidden=\"true\"  title=\"DZIE\u0143 MATKI\" aria-label=\"eael-magnific-video-link\" href=\"https:\/\/www.youtube.com\/watch?v=uZz1z_kQCGg\" class=\"video-popup eael-magnific-link eael-magnific-link-clone active eael-magnific-video-link mfp-iframe playout-horizontal\" data-id=\"f3cf7df\" data-elementor-open-lightbox=\"yes\"><div class=\"video-popup-bg\"><\/div><img decoding=\"async\" width=\"62\" height=\"62\" src=\"http:\/\/archiwumdk.malogoszcz.eu\/wp-content\/plugins\/essential-addons-for-elementor-lite\/assets\/front-end\/img\/play-icon.png\" alt=\"eael-fg-video-play-icon\" ><\/a><\/div><\/a><div class=\"gallery-item-caption-wrap caption-style-card \"><div class=\"gallery-item-caption-over\"><h2 class=\"fg-item-title\">DZIE\u0143 MATKI<\/h2><div class=\"fg-item-content\"><p>1994 R.<\/p>\n<\/div><\/div><\/div><\/div><\/div>        <\/div>\n                <\/div>\n        \n        \t\t\t\t<\/div>\n\t\t\t\t<\/div>\n\t\t\t\t\t<\/div>\n\t\t<\/div>\n\t\t\t\t\t<\/div>\n\t\t<\/section>\n\t\t\t\t<\/div>\n\t\t","protected":false},"excerpt":{"rendered":"<p>GALERIE VIDEO&#8217; 1994 All TEATR PRZEGL\u0104DY MA\u0141A MISS KAFELEK &#8211; BAJKA 1994 R. PRZEDSZKOLNE \u015aPIEWANIE 1994 R. MA\u0141A MISS LATA 1994 R. DZIE\u0143 MATKI 1994 R.<\/p>\n","protected":false},"author":1,"featured_media":4771,"parent":0,"menu_order":0,"comment_status":"closed","ping_status":"closed","template":"","meta":{"site-sidebar-layout":"no-sidebar","site-content-layout":"page-builder","ast-site-content-layout":"default","site-content-style":"default","site-sidebar-style":"default","ast-global-header-display":"","ast-banner-title-visibility":"","ast-main-header-display":"","ast-hfb-above-header-display":"","ast-hfb-below-header-display":"","ast-hfb-mobile-header-display":"","site-post-title":"disabled","ast-breadcrumbs-content":"","ast-featured-img":"disabled","footer-sml-layout":"","ast-disable-related-posts":"","theme-transparent-header-meta":"default","adv-header-id-meta":"","stick-header-meta":"default","header-above-stick-meta":"","header-main-stick-meta":"","header-below-stick-meta":"","astra-migrate-meta-layouts":"default","ast-page-background-enabled":"default","ast-page-background-meta":{"desktop":{"background-color":"var(--ast-global-color-4)","background-image":"","background-repeat":"repeat","background-position":"center center","background-size":"auto","background-attachment":"scroll","background-type":"","background-media":"","overlay-type":"","overlay-color":"","overlay-opacity":"","overlay-gradient":""},"tablet":{"background-color":"","background-image":"","background-repeat":"repeat","background-position":"center center","background-size":"auto","background-attachment":"scroll","background-type":"","background-media":"","overlay-type":"","overlay-color":"","overlay-opacity":"","overlay-gradient":""},"mobile":{"background-color":"","background-image":"","background-repeat":"repeat","background-position":"center center","background-size":"auto","background-attachment":"scroll","background-type":"","background-media":"","overlay-type":"","overlay-color":"","overlay-opacity":"","overlay-gradient":""}},"ast-content-background-meta":{"desktop":{"background-color":"var(--ast-global-color-5)","background-image":"","background-repeat":"repeat","background-position":"center center","background-size":"auto","background-attachment":"scroll","background-type":"","background-media":"","overlay-type":"","overlay-color":"","overlay-opacity":"","overlay-gradient":""},"tablet":{"background-color":"var(--ast-global-color-5)","background-image":"","background-repeat":"repeat","background-position":"center center","background-size":"auto","background-attachment":"scroll","background-type":"","background-media":"","overlay-type":"","overlay-color":"","overlay-opacity":"","overlay-gradient":""},"mobile":{"background-color":"var(--ast-global-color-5)","background-image":"","background-repeat":"repeat","background-position":"center center","background-size":"auto","background-attachment":"scroll","background-type":"","background-media":"","overlay-type":"","overlay-color":"","overlay-opacity":"","overlay-gradient":""}},"footnotes":""},"class_list":["post-10295","page","type-page","status-publish","has-post-thumbnail","hentry"],"_links":{"self":[{"href":"http:\/\/archiwumdk.malogoszcz.eu\/index.php\/wp-json\/wp\/v2\/pages\/10295","targetHints":{"allow":["GET"]}}],"collection":[{"href":"http:\/\/archiwumdk.malogoszcz.eu\/index.php\/wp-json\/wp\/v2\/pages"}],"about":[{"href":"http:\/\/archiwumdk.malogoszcz.eu\/index.php\/wp-json\/wp\/v2\/types\/page"}],"author":[{"embeddable":true,"href":"http:\/\/archiwumdk.malogoszcz.eu\/index.php\/wp-json\/wp\/v2\/users\/1"}],"replies":[{"embeddable":true,"href":"http:\/\/archiwumdk.malogoszcz.eu\/index.php\/wp-json\/wp\/v2\/comments?post=10295"}],"version-history":[{"count":9,"href":"http:\/\/archiwumdk.malogoszcz.eu\/index.php\/wp-json\/wp\/v2\/pages\/10295\/revisions"}],"predecessor-version":[{"id":11772,"href":"http:\/\/archiwumdk.malogoszcz.eu\/index.php\/wp-json\/wp\/v2\/pages\/10295\/revisions\/11772"}],"wp:featuredmedia":[{"embeddable":true,"href":"http:\/\/archiwumdk.malogoszcz.eu\/index.php\/wp-json\/wp\/v2\/media\/4771"}],"wp:attachment":[{"href":"http:\/\/archiwumdk.malogoszcz.eu\/index.php\/wp-json\/wp\/v2\/media?parent=10295"}],"curies":[{"name":"wp","href":"https:\/\/api.w.org\/{rel}","templated":true}]}}