{"id":13317,"date":"2020-08-30T20:39:12","date_gmt":"2020-08-30T18:39:12","guid":{"rendered":"http:\/\/archiwumdk.malogoszcz.eu\/?page_id=13317"},"modified":"2020-08-30T20:41:41","modified_gmt":"2020-08-30T18:41:41","slug":"przeglad-zespolow-teatralnych-staporkow-2016","status":"publish","type":"page","link":"http:\/\/archiwumdk.malogoszcz.eu\/index.php\/przeglad-zespolow-teatralnych-staporkow-2016\/","title":{"rendered":"PRZEGL\u0104D ZESPO\u0141\u00d3W TEATRALNYCH &#8211; ST\u0104PORK\u00d3W&#8217; 2016"},"content":{"rendered":"\t\t<div data-elementor-type=\"wp-page\" data-elementor-id=\"13317\" class=\"elementor elementor-13317\">\n\t\t\t\t\t\t<section class=\"elementor-section elementor-top-section elementor-element elementor-element-49eafd8 elementor-section-boxed elementor-section-height-default elementor-section-height-default\" data-id=\"49eafd8\" data-element_type=\"section\" data-settings=\"{&quot;background_background&quot;:&quot;classic&quot;}\">\n\t\t\t\t\t\t<div class=\"elementor-container elementor-column-gap-default\">\n\t\t\t\t\t<div class=\"elementor-column elementor-col-100 elementor-top-column elementor-element elementor-element-784e515\" data-id=\"784e515\" data-element_type=\"column\">\n\t\t\t<div class=\"elementor-widget-wrap elementor-element-populated\">\n\t\t\t\t\t\t<div class=\"elementor-element elementor-element-6d4b5ba elementor-widget elementor-widget-heading\" data-id=\"6d4b5ba\" data-element_type=\"widget\" data-widget_type=\"heading.default\">\n\t\t\t\t<div class=\"elementor-widget-container\">\n\t\t\t\t\t<h2 class=\"elementor-heading-title elementor-size-default\">PRZEGL\u0104D ZESPO\u0141\u00d3W TEATRALNYCH - ST\u0104PORK\u00d3W' 2016<\/h2>\t\t\t\t<\/div>\n\t\t\t\t<\/div>\n\t\t\t\t\t<\/div>\n\t\t<\/div>\n\t\t\t\t\t<\/div>\n\t\t<\/section>\n\t\t\t\t<section class=\"elementor-section elementor-top-section elementor-element elementor-element-58cbbb8 elementor-section-boxed elementor-section-height-default elementor-section-height-default\" data-id=\"58cbbb8\" data-element_type=\"section\">\n\t\t\t\t\t\t<div class=\"elementor-container elementor-column-gap-default\">\n\t\t\t\t\t<div class=\"elementor-column elementor-col-100 elementor-top-column elementor-element elementor-element-756d95f\" data-id=\"756d95f\" data-element_type=\"column\">\n\t\t\t<div class=\"elementor-widget-wrap elementor-element-populated\">\n\t\t\t\t\t\t<div class=\"elementor-element elementor-element-678a26b gallery-spacing-custom elementor-widget elementor-widget-image-gallery\" data-id=\"678a26b\" data-element_type=\"widget\" data-widget_type=\"image-gallery.default\">\n\t\t\t\t<div class=\"elementor-widget-container\">\n\t\t\t\t\t\t\t<div class=\"elementor-image-gallery\">\n\t\t\t<div id='gallery-1' class='gallery galleryid-13317 gallery-columns-4 gallery-size-large'><figure class='gallery-item'>\n\t\t\t<div class='gallery-icon landscape'>\n\t\t\t\t<a data-elementor-open-lightbox=\"yes\" data-elementor-lightbox-slideshow=\"678a26b\" data-elementor-lightbox-title=\"01PRZEGL\u0104D ZESPO\u0141\u00d3W TEATRALNYCH ST\u0104PORK\u00d3W&#039; 2016\" data-e-action-hash=\"#elementor-action%3Aaction%3Dlightbox%26settings%3DeyJpZCI6MTMzMjAsInVybCI6Imh0dHA6XC9cL2FyY2hpd3VtZGsubWFsb2dvc3pjei5ldVwvd3AtY29udGVudFwvdXBsb2Fkc1wvMjAyMFwvMDhcLzAxUFJaRUdMXHUwMTA0RC1aRVNQT1x1MDE0MVx1MDBkM1ctVEVBVFJBTE5ZQ0gtU1RcdTAxMDRQT1JLXHUwMGQzVy0yMDE2LmpwZyIsInNsaWRlc2hvdyI6IjY3OGEyNmIifQ%3D%3D\" href='http:\/\/archiwumdk.malogoszcz.eu\/wp-content\/uploads\/2020\/08\/01PRZEGL\u0104D-ZESPO\u0141\u00d3W-TEATRALNYCH-ST\u0104PORK\u00d3W-2016.jpg'><img fetchpriority=\"high\" decoding=\"async\" width=\"800\" height=\"532\" src=\"http:\/\/archiwumdk.malogoszcz.eu\/wp-content\/uploads\/2020\/08\/01PRZEGL\u0104D-ZESPO\u0141\u00d3W-TEATRALNYCH-ST\u0104PORK\u00d3W-2016.jpg\" class=\"attachment-large size-large\" alt=\"\" \/><\/a>\n\t\t\t<\/div><\/figure><figure class='gallery-item'>\n\t\t\t<div class='gallery-icon landscape'>\n\t\t\t\t<a data-elementor-open-lightbox=\"yes\" data-elementor-lightbox-slideshow=\"678a26b\" data-elementor-lightbox-title=\"02PRZEGL\u0104D ZESPO\u0141\u00d3W TEATRALNYCH ST\u0104PORK\u00d3W&#039; 2016\" data-e-action-hash=\"#elementor-action%3Aaction%3Dlightbox%26settings%3DeyJpZCI6MTMzMjEsInVybCI6Imh0dHA6XC9cL2FyY2hpd3VtZGsubWFsb2dvc3pjei5ldVwvd3AtY29udGVudFwvdXBsb2Fkc1wvMjAyMFwvMDhcLzAyUFJaRUdMXHUwMTA0RC1aRVNQT1x1MDE0MVx1MDBkM1ctVEVBVFJBTE5ZQ0gtU1RcdTAxMDRQT1JLXHUwMGQzVy0yMDE2LmpwZyIsInNsaWRlc2hvdyI6IjY3OGEyNmIifQ%3D%3D\" href='http:\/\/archiwumdk.malogoszcz.eu\/wp-content\/uploads\/2020\/08\/02PRZEGL\u0104D-ZESPO\u0141\u00d3W-TEATRALNYCH-ST\u0104PORK\u00d3W-2016.jpg'><img decoding=\"async\" width=\"1024\" height=\"680\" src=\"http:\/\/archiwumdk.malogoszcz.eu\/wp-content\/uploads\/2020\/08\/02PRZEGL\u0104D-ZESPO\u0141\u00d3W-TEATRALNYCH-ST\u0104PORK\u00d3W-2016.jpg\" class=\"attachment-large size-large\" alt=\"\" \/><\/a>\n\t\t\t<\/div><\/figure><figure class='gallery-item'>\n\t\t\t<div class='gallery-icon landscape'>\n\t\t\t\t<a data-elementor-open-lightbox=\"yes\" data-elementor-lightbox-slideshow=\"678a26b\" data-elementor-lightbox-title=\"03PRZEGL\u0104D ZESPO\u0141\u00d3W TEATRALNYCH ST\u0104PORK\u00d3W&#039; 2016\" data-e-action-hash=\"#elementor-action%3Aaction%3Dlightbox%26settings%3DeyJpZCI6MTMzMjIsInVybCI6Imh0dHA6XC9cL2FyY2hpd3VtZGsubWFsb2dvc3pjei5ldVwvd3AtY29udGVudFwvdXBsb2Fkc1wvMjAyMFwvMDhcLzAzUFJaRUdMXHUwMTA0RC1aRVNQT1x1MDE0MVx1MDBkM1ctVEVBVFJBTE5ZQ0gtU1RcdTAxMDRQT1JLXHUwMGQzVy0yMDE2LmpwZyIsInNsaWRlc2hvdyI6IjY3OGEyNmIifQ%3D%3D\" href='http:\/\/archiwumdk.malogoszcz.eu\/wp-content\/uploads\/2020\/08\/03PRZEGL\u0104D-ZESPO\u0141\u00d3W-TEATRALNYCH-ST\u0104PORK\u00d3W-2016.jpg'><img decoding=\"async\" width=\"800\" height=\"532\" src=\"http:\/\/archiwumdk.malogoszcz.eu\/wp-content\/uploads\/2020\/08\/03PRZEGL\u0104D-ZESPO\u0141\u00d3W-TEATRALNYCH-ST\u0104PORK\u00d3W-2016.jpg\" class=\"attachment-large size-large\" alt=\"\" \/><\/a>\n\t\t\t<\/div><\/figure><figure class='gallery-item'>\n\t\t\t<div class='gallery-icon portrait'>\n\t\t\t\t<a data-elementor-open-lightbox=\"yes\" data-elementor-lightbox-slideshow=\"678a26b\" data-elementor-lightbox-title=\"04PRZEGL\u0104D ZESPO\u0141\u00d3W TEATRALNYCH ST\u0104PORK\u00d3W&#039; 2016\" data-e-action-hash=\"#elementor-action%3Aaction%3Dlightbox%26settings%3DeyJpZCI6MTMzMjMsInVybCI6Imh0dHA6XC9cL2FyY2hpd3VtZGsubWFsb2dvc3pjei5ldVwvd3AtY29udGVudFwvdXBsb2Fkc1wvMjAyMFwvMDhcLzA0UFJaRUdMXHUwMTA0RC1aRVNQT1x1MDE0MVx1MDBkM1ctVEVBVFJBTE5ZQ0gtU1RcdTAxMDRQT1JLXHUwMGQzVy0yMDE2LmpwZyIsInNsaWRlc2hvdyI6IjY3OGEyNmIifQ%3D%3D\" href='http:\/\/archiwumdk.malogoszcz.eu\/wp-content\/uploads\/2020\/08\/04PRZEGL\u0104D-ZESPO\u0141\u00d3W-TEATRALNYCH-ST\u0104PORK\u00d3W-2016.jpg'><img loading=\"lazy\" decoding=\"async\" width=\"614\" height=\"1024\" src=\"http:\/\/archiwumdk.malogoszcz.eu\/wp-content\/uploads\/2020\/08\/04PRZEGL\u0104D-ZESPO\u0141\u00d3W-TEATRALNYCH-ST\u0104PORK\u00d3W-2016.jpg\" class=\"attachment-large size-large\" alt=\"\" \/><\/a>\n\t\t\t<\/div><\/figure><figure class='gallery-item'>\n\t\t\t<div class='gallery-icon landscape'>\n\t\t\t\t<a data-elementor-open-lightbox=\"yes\" data-elementor-lightbox-slideshow=\"678a26b\" data-elementor-lightbox-title=\"05PRZEGL\u0104D ZESPO\u0141\u00d3W TEATRALNYCH ST\u0104PORK\u00d3W&#039; 2016\" data-e-action-hash=\"#elementor-action%3Aaction%3Dlightbox%26settings%3DeyJpZCI6MTMzMjQsInVybCI6Imh0dHA6XC9cL2FyY2hpd3VtZGsubWFsb2dvc3pjei5ldVwvd3AtY29udGVudFwvdXBsb2Fkc1wvMjAyMFwvMDhcLzA1UFJaRUdMXHUwMTA0RC1aRVNQT1x1MDE0MVx1MDBkM1ctVEVBVFJBTE5ZQ0gtU1RcdTAxMDRQT1JLXHUwMGQzVy0yMDE2LmpwZyIsInNsaWRlc2hvdyI6IjY3OGEyNmIifQ%3D%3D\" href='http:\/\/archiwumdk.malogoszcz.eu\/wp-content\/uploads\/2020\/08\/05PRZEGL\u0104D-ZESPO\u0141\u00d3W-TEATRALNYCH-ST\u0104PORK\u00d3W-2016.jpg'><img loading=\"lazy\" decoding=\"async\" width=\"1024\" height=\"614\" src=\"http:\/\/archiwumdk.malogoszcz.eu\/wp-content\/uploads\/2020\/08\/05PRZEGL\u0104D-ZESPO\u0141\u00d3W-TEATRALNYCH-ST\u0104PORK\u00d3W-2016.jpg\" class=\"attachment-large size-large\" alt=\"\" \/><\/a>\n\t\t\t<\/div><\/figure><figure class='gallery-item'>\n\t\t\t<div class='gallery-icon landscape'>\n\t\t\t\t<a data-elementor-open-lightbox=\"yes\" data-elementor-lightbox-slideshow=\"678a26b\" data-elementor-lightbox-title=\"06PRZEGL\u0104D ZESPO\u0141\u00d3W TEATRALNYCH ST\u0104PORK\u00d3W&#039; 2016\" data-e-action-hash=\"#elementor-action%3Aaction%3Dlightbox%26settings%3DeyJpZCI6MTMzMjUsInVybCI6Imh0dHA6XC9cL2FyY2hpd3VtZGsubWFsb2dvc3pjei5ldVwvd3AtY29udGVudFwvdXBsb2Fkc1wvMjAyMFwvMDhcLzA2UFJaRUdMXHUwMTA0RC1aRVNQT1x1MDE0MVx1MDBkM1ctVEVBVFJBTE5ZQ0gtU1RcdTAxMDRQT1JLXHUwMGQzVy0yMDE2LmpwZyIsInNsaWRlc2hvdyI6IjY3OGEyNmIifQ%3D%3D\" href='http:\/\/archiwumdk.malogoszcz.eu\/wp-content\/uploads\/2020\/08\/06PRZEGL\u0104D-ZESPO\u0141\u00d3W-TEATRALNYCH-ST\u0104PORK\u00d3W-2016.jpg'><img loading=\"lazy\" decoding=\"async\" width=\"1024\" height=\"614\" src=\"http:\/\/archiwumdk.malogoszcz.eu\/wp-content\/uploads\/2020\/08\/06PRZEGL\u0104D-ZESPO\u0141\u00d3W-TEATRALNYCH-ST\u0104PORK\u00d3W-2016.jpg\" class=\"attachment-large size-large\" alt=\"\" \/><\/a>\n\t\t\t<\/div><\/figure><figure class='gallery-item'>\n\t\t\t<div class='gallery-icon landscape'>\n\t\t\t\t<a data-elementor-open-lightbox=\"yes\" data-elementor-lightbox-slideshow=\"678a26b\" data-elementor-lightbox-title=\"07PRZEGL\u0104D ZESPO\u0141\u00d3W TEATRALNYCH ST\u0104PORK\u00d3W&#039; 2016\" data-e-action-hash=\"#elementor-action%3Aaction%3Dlightbox%26settings%3DeyJpZCI6MTMzMjYsInVybCI6Imh0dHA6XC9cL2FyY2hpd3VtZGsubWFsb2dvc3pjei5ldVwvd3AtY29udGVudFwvdXBsb2Fkc1wvMjAyMFwvMDhcLzA3UFJaRUdMXHUwMTA0RC1aRVNQT1x1MDE0MVx1MDBkM1ctVEVBVFJBTE5ZQ0gtU1RcdTAxMDRQT1JLXHUwMGQzVy0yMDE2LmpwZyIsInNsaWRlc2hvdyI6IjY3OGEyNmIifQ%3D%3D\" href='http:\/\/archiwumdk.malogoszcz.eu\/wp-content\/uploads\/2020\/08\/07PRZEGL\u0104D-ZESPO\u0141\u00d3W-TEATRALNYCH-ST\u0104PORK\u00d3W-2016.jpg'><img loading=\"lazy\" decoding=\"async\" width=\"1024\" height=\"614\" src=\"http:\/\/archiwumdk.malogoszcz.eu\/wp-content\/uploads\/2020\/08\/07PRZEGL\u0104D-ZESPO\u0141\u00d3W-TEATRALNYCH-ST\u0104PORK\u00d3W-2016.jpg\" class=\"attachment-large size-large\" alt=\"\" \/><\/a>\n\t\t\t<\/div><\/figure><figure class='gallery-item'>\n\t\t\t<div class='gallery-icon landscape'>\n\t\t\t\t<a data-elementor-open-lightbox=\"yes\" data-elementor-lightbox-slideshow=\"678a26b\" data-elementor-lightbox-title=\"08PRZEGL\u0104D ZESPO\u0141\u00d3W TEATRALNYCH ST\u0104PORK\u00d3W&#039; 2016\" data-e-action-hash=\"#elementor-action%3Aaction%3Dlightbox%26settings%3DeyJpZCI6MTMzMjcsInVybCI6Imh0dHA6XC9cL2FyY2hpd3VtZGsubWFsb2dvc3pjei5ldVwvd3AtY29udGVudFwvdXBsb2Fkc1wvMjAyMFwvMDhcLzA4UFJaRUdMXHUwMTA0RC1aRVNQT1x1MDE0MVx1MDBkM1ctVEVBVFJBTE5ZQ0gtU1RcdTAxMDRQT1JLXHUwMGQzVy0yMDE2LmpwZyIsInNsaWRlc2hvdyI6IjY3OGEyNmIifQ%3D%3D\" href='http:\/\/archiwumdk.malogoszcz.eu\/wp-content\/uploads\/2020\/08\/08PRZEGL\u0104D-ZESPO\u0141\u00d3W-TEATRALNYCH-ST\u0104PORK\u00d3W-2016.jpg'><img loading=\"lazy\" decoding=\"async\" width=\"1024\" height=\"614\" src=\"http:\/\/archiwumdk.malogoszcz.eu\/wp-content\/uploads\/2020\/08\/08PRZEGL\u0104D-ZESPO\u0141\u00d3W-TEATRALNYCH-ST\u0104PORK\u00d3W-2016.jpg\" class=\"attachment-large size-large\" alt=\"\" \/><\/a>\n\t\t\t<\/div><\/figure><figure class='gallery-item'>\n\t\t\t<div class='gallery-icon landscape'>\n\t\t\t\t<a data-elementor-open-lightbox=\"yes\" data-elementor-lightbox-slideshow=\"678a26b\" data-elementor-lightbox-title=\"09PRZEGL\u0104D ZESPO\u0141\u00d3W TEATRALNYCH ST\u0104PORK\u00d3W&#039; 2016\" data-e-action-hash=\"#elementor-action%3Aaction%3Dlightbox%26settings%3DeyJpZCI6MTMzMjgsInVybCI6Imh0dHA6XC9cL2FyY2hpd3VtZGsubWFsb2dvc3pjei5ldVwvd3AtY29udGVudFwvdXBsb2Fkc1wvMjAyMFwvMDhcLzA5UFJaRUdMXHUwMTA0RC1aRVNQT1x1MDE0MVx1MDBkM1ctVEVBVFJBTE5ZQ0gtU1RcdTAxMDRQT1JLXHUwMGQzVy0yMDE2LmpwZyIsInNsaWRlc2hvdyI6IjY3OGEyNmIifQ%3D%3D\" href='http:\/\/archiwumdk.malogoszcz.eu\/wp-content\/uploads\/2020\/08\/09PRZEGL\u0104D-ZESPO\u0141\u00d3W-TEATRALNYCH-ST\u0104PORK\u00d3W-2016.jpg'><img loading=\"lazy\" decoding=\"async\" width=\"1024\" height=\"614\" src=\"http:\/\/archiwumdk.malogoszcz.eu\/wp-content\/uploads\/2020\/08\/09PRZEGL\u0104D-ZESPO\u0141\u00d3W-TEATRALNYCH-ST\u0104PORK\u00d3W-2016.jpg\" class=\"attachment-large size-large\" alt=\"\" \/><\/a>\n\t\t\t<\/div><\/figure><figure class='gallery-item'>\n\t\t\t<div class='gallery-icon landscape'>\n\t\t\t\t<a data-elementor-open-lightbox=\"yes\" data-elementor-lightbox-slideshow=\"678a26b\" data-elementor-lightbox-title=\"10PRZEGL\u0104D ZESPO\u0141\u00d3W TEATRALNYCH ST\u0104PORK\u00d3W&#039; 2016\" data-e-action-hash=\"#elementor-action%3Aaction%3Dlightbox%26settings%3DeyJpZCI6MTMzMjksInVybCI6Imh0dHA6XC9cL2FyY2hpd3VtZGsubWFsb2dvc3pjei5ldVwvd3AtY29udGVudFwvdXBsb2Fkc1wvMjAyMFwvMDhcLzEwUFJaRUdMXHUwMTA0RC1aRVNQT1x1MDE0MVx1MDBkM1ctVEVBVFJBTE5ZQ0gtU1RcdTAxMDRQT1JLXHUwMGQzVy0yMDE2LmpwZyIsInNsaWRlc2hvdyI6IjY3OGEyNmIifQ%3D%3D\" href='http:\/\/archiwumdk.malogoszcz.eu\/wp-content\/uploads\/2020\/08\/10PRZEGL\u0104D-ZESPO\u0141\u00d3W-TEATRALNYCH-ST\u0104PORK\u00d3W-2016.jpg'><img loading=\"lazy\" decoding=\"async\" width=\"1024\" height=\"614\" src=\"http:\/\/archiwumdk.malogoszcz.eu\/wp-content\/uploads\/2020\/08\/10PRZEGL\u0104D-ZESPO\u0141\u00d3W-TEATRALNYCH-ST\u0104PORK\u00d3W-2016.jpg\" class=\"attachment-large size-large\" alt=\"\" \/><\/a>\n\t\t\t<\/div><\/figure><figure class='gallery-item'>\n\t\t\t<div class='gallery-icon landscape'>\n\t\t\t\t<a data-elementor-open-lightbox=\"yes\" data-elementor-lightbox-slideshow=\"678a26b\" data-elementor-lightbox-title=\"11PRZEGL\u0104D ZESPO\u0141\u00d3W TEATRALNYCH ST\u0104PORK\u00d3W&#039; 2016\" data-e-action-hash=\"#elementor-action%3Aaction%3Dlightbox%26settings%3DeyJpZCI6MTMzMzAsInVybCI6Imh0dHA6XC9cL2FyY2hpd3VtZGsubWFsb2dvc3pjei5ldVwvd3AtY29udGVudFwvdXBsb2Fkc1wvMjAyMFwvMDhcLzExUFJaRUdMXHUwMTA0RC1aRVNQT1x1MDE0MVx1MDBkM1ctVEVBVFJBTE5ZQ0gtU1RcdTAxMDRQT1JLXHUwMGQzVy0yMDE2LmpwZyIsInNsaWRlc2hvdyI6IjY3OGEyNmIifQ%3D%3D\" href='http:\/\/archiwumdk.malogoszcz.eu\/wp-content\/uploads\/2020\/08\/11PRZEGL\u0104D-ZESPO\u0141\u00d3W-TEATRALNYCH-ST\u0104PORK\u00d3W-2016.jpg'><img loading=\"lazy\" decoding=\"async\" width=\"1024\" height=\"614\" src=\"http:\/\/archiwumdk.malogoszcz.eu\/wp-content\/uploads\/2020\/08\/11PRZEGL\u0104D-ZESPO\u0141\u00d3W-TEATRALNYCH-ST\u0104PORK\u00d3W-2016.jpg\" class=\"attachment-large size-large\" alt=\"\" \/><\/a>\n\t\t\t<\/div><\/figure><figure class='gallery-item'>\n\t\t\t<div class='gallery-icon landscape'>\n\t\t\t\t<a data-elementor-open-lightbox=\"yes\" data-elementor-lightbox-slideshow=\"678a26b\" data-elementor-lightbox-title=\"12PRZEGL\u0104D ZESPO\u0141\u00d3W TEATRALNYCH ST\u0104PORK\u00d3W&#039; 2016\" data-e-action-hash=\"#elementor-action%3Aaction%3Dlightbox%26settings%3DeyJpZCI6MTMzMzEsInVybCI6Imh0dHA6XC9cL2FyY2hpd3VtZGsubWFsb2dvc3pjei5ldVwvd3AtY29udGVudFwvdXBsb2Fkc1wvMjAyMFwvMDhcLzEyUFJaRUdMXHUwMTA0RC1aRVNQT1x1MDE0MVx1MDBkM1ctVEVBVFJBTE5ZQ0gtU1RcdTAxMDRQT1JLXHUwMGQzVy0yMDE2LmpwZyIsInNsaWRlc2hvdyI6IjY3OGEyNmIifQ%3D%3D\" href='http:\/\/archiwumdk.malogoszcz.eu\/wp-content\/uploads\/2020\/08\/12PRZEGL\u0104D-ZESPO\u0141\u00d3W-TEATRALNYCH-ST\u0104PORK\u00d3W-2016.jpg'><img loading=\"lazy\" decoding=\"async\" width=\"1024\" height=\"614\" src=\"http:\/\/archiwumdk.malogoszcz.eu\/wp-content\/uploads\/2020\/08\/12PRZEGL\u0104D-ZESPO\u0141\u00d3W-TEATRALNYCH-ST\u0104PORK\u00d3W-2016.jpg\" class=\"attachment-large size-large\" alt=\"\" \/><\/a>\n\t\t\t<\/div><\/figure>\n\t\t<\/div>\n\t\t<\/div>\n\t\t\t\t\t\t<\/div>\n\t\t\t\t<\/div>\n\t\t\t\t\t<\/div>\n\t\t<\/div>\n\t\t\t\t\t<\/div>\n\t\t<\/section>\n\t\t\t\t<\/div>\n\t\t","protected":false},"excerpt":{"rendered":"<p>PRZEGL\u0104D ZESPO\u0141\u00d3W TEATRALNYCH &#8211; ST\u0104PORK\u00d3W&#8217; 2016<\/p>\n","protected":false},"author":1,"featured_media":13328,"parent":0,"menu_order":0,"comment_status":"closed","ping_status":"closed","template":"","meta":{"site-sidebar-layout":"no-sidebar","site-content-layout":"page-builder","ast-site-content-layout":"default","site-content-style":"default","site-sidebar-style":"default","ast-global-header-display":"","ast-banner-title-visibility":"","ast-main-header-display":"","ast-hfb-above-header-display":"","ast-hfb-below-header-display":"","ast-hfb-mobile-header-display":"","site-post-title":"disabled","ast-breadcrumbs-content":"","ast-featured-img":"disabled","footer-sml-layout":"","ast-disable-related-posts":"","theme-transparent-header-meta":"default","adv-header-id-meta":"","stick-header-meta":"default","header-above-stick-meta":"","header-main-stick-meta":"","header-below-stick-meta":"","astra-migrate-meta-layouts":"default","ast-page-background-enabled":"default","ast-page-background-meta":{"desktop":{"background-color":"var(--ast-global-color-4)","background-image":"","background-repeat":"repeat","background-position":"center center","background-size":"auto","background-attachment":"scroll","background-type":"","background-media":"","overlay-type":"","overlay-color":"","overlay-opacity":"","overlay-gradient":""},"tablet":{"background-color":"","background-image":"","background-repeat":"repeat","background-position":"center center","background-size":"auto","background-attachment":"scroll","background-type":"","background-media":"","overlay-type":"","overlay-color":"","overlay-opacity":"","overlay-gradient":""},"mobile":{"background-color":"","background-image":"","background-repeat":"repeat","background-position":"center center","background-size":"auto","background-attachment":"scroll","background-type":"","background-media":"","overlay-type":"","overlay-color":"","overlay-opacity":"","overlay-gradient":""}},"ast-content-background-meta":{"desktop":{"background-color":"var(--ast-global-color-5)","background-image":"","background-repeat":"repeat","background-position":"center center","background-size":"auto","background-attachment":"scroll","background-type":"","background-media":"","overlay-type":"","overlay-color":"","overlay-opacity":"","overlay-gradient":""},"tablet":{"background-color":"var(--ast-global-color-5)","background-image":"","background-repeat":"repeat","background-position":"center center","background-size":"auto","background-attachment":"scroll","background-type":"","background-media":"","overlay-type":"","overlay-color":"","overlay-opacity":"","overlay-gradient":""},"mobile":{"background-color":"var(--ast-global-color-5)","background-image":"","background-repeat":"repeat","background-position":"center center","background-size":"auto","background-attachment":"scroll","background-type":"","background-media":"","overlay-type":"","overlay-color":"","overlay-opacity":"","overlay-gradient":""}},"footnotes":""},"class_list":["post-13317","page","type-page","status-publish","has-post-thumbnail","hentry"],"_links":{"self":[{"href":"http:\/\/archiwumdk.malogoszcz.eu\/index.php\/wp-json\/wp\/v2\/pages\/13317","targetHints":{"allow":["GET"]}}],"collection":[{"href":"http:\/\/archiwumdk.malogoszcz.eu\/index.php\/wp-json\/wp\/v2\/pages"}],"about":[{"href":"http:\/\/archiwumdk.malogoszcz.eu\/index.php\/wp-json\/wp\/v2\/types\/page"}],"author":[{"embeddable":true,"href":"http:\/\/archiwumdk.malogoszcz.eu\/index.php\/wp-json\/wp\/v2\/users\/1"}],"replies":[{"embeddable":true,"href":"http:\/\/archiwumdk.malogoszcz.eu\/index.php\/wp-json\/wp\/v2\/comments?post=13317"}],"version-history":[{"count":4,"href":"http:\/\/archiwumdk.malogoszcz.eu\/index.php\/wp-json\/wp\/v2\/pages\/13317\/revisions"}],"predecessor-version":[{"id":13333,"href":"http:\/\/archiwumdk.malogoszcz.eu\/index.php\/wp-json\/wp\/v2\/pages\/13317\/revisions\/13333"}],"wp:featuredmedia":[{"embeddable":true,"href":"http:\/\/archiwumdk.malogoszcz.eu\/index.php\/wp-json\/wp\/v2\/media\/13328"}],"wp:attachment":[{"href":"http:\/\/archiwumdk.malogoszcz.eu\/index.php\/wp-json\/wp\/v2\/media?parent=13317"}],"curies":[{"name":"wp","href":"https:\/\/api.w.org\/{rel}","templated":true}]}}